{"id":1506,"date":"2021-01-30T09:45:58","date_gmt":"2021-01-30T08:45:58","guid":{"rendered":"https:\/\/192.168.1.14\/?page_id=1506"},"modified":"2021-06-11T11:15:27","modified_gmt":"2021-06-11T09:15:27","slug":"geflugel","status":"publish","type":"page","link":"https:\/\/www.tirolergluat.at\/?page_id=1506","title":{"rendered":"Gefl\u00fcgel"},"content":{"rendered":"\n<div class=\"wp-block-file\"><a href=\"https:\/\/www.tirolergluat.at\/wp-content\/uploads\/2021\/06\/Coq_au_Vin.pdf\">Coq_au_Vin<\/a><a href=\"https:\/\/www.tirolergluat.at\/wp-content\/uploads\/2021\/06\/Coq_au_Vin.pdf\" class=\"wp-block-file__button\" download>Herunterladen<\/a><\/div>\n\n\n\n<h6 class=\"has-medium-gray-color has-text-color wp-block-heading\"><a href=\"https:\/\/www.tirolergluat.at\/?p=1695\">Puten-Kebap vom Drehspie\u00df<\/a><\/h6>\n\n\n\n<h6 class=\"has-medium-gray-color has-text-color wp-block-heading\"><a href=\"https:\/\/www.tirolergluat.at\/?p=1576\">Huhn-Gem\u00fcse-Wok<\/a><\/h6>\n\n\n\n<h6 class=\"has-medium-gray-color has-text-color wp-block-heading\"><a href=\"https:\/\/www.tirolergluat.at\/?p=1410\">Ger\u00e4ucherte Entenbrust<\/a><\/h6>\n\n\n\n<p><\/p>\n","protected":false},"excerpt":{"rendered":"<p>Puten-Kebap vom Drehspie\u00df Huhn-Gem\u00fcse-Wok Ger\u00e4ucherte Entenbrust<\/p>\n","protected":false},"author":2,"featured_media":0,"parent":0,"menu_order":0,"comment_status":"closed","ping_status":"closed","template":"","meta":{"_price":"","_stock":"","_tribe_ticket_header":"","_tribe_default_ticket_provider":"","_tribe_ticket_capacity":"0","_ticket_start_date":"","_ticket_end_date":"","_tribe_ticket_show_description":"","_tribe_ticket_show_not_going":false,"_tribe_ticket_use_global_stock":"","_tribe_ticket_global_stock_level":"","_global_stock_mode":"","_global_stock_cap":"","_tribe_rsvp_for_event":"","_tribe_ticket_going_count":"","_tribe_ticket_not_going_count":"","_tribe_tickets_list":"[]","_tribe_ticket_has_attendee_info_fields":false,"_EventAllDay":false,"_EventTimezone":"","_EventStartDate":"","_EventEndDate":"","_EventStartDateUTC":"","_EventEndDateUTC":"","_EventShowMap":false,"_EventShowMapLink":false,"_EventURL":"","_EventCost":"","_EventCostDescription":"","_EventCurrencySymbol":"","_EventCurrencyCode":"","_EventCurrencyPosition":"","_EventDateTimeSeparator":"","_EventTimeRangeSeparator":"","_EventOrganizerID":[],"_EventVenueID":[],"_OrganizerEmail":"","_OrganizerPhone":"","_OrganizerWebsite":"","_VenueAddress":"","_VenueCity":"","_VenueCountry":"","_VenueProvince":"","_VenueState":"","_VenueZip":"","_VenuePhone":"","_VenueURL":"","_VenueStateProvince":"","_VenueLat":"","_VenueLng":"","_VenueShowMap":false,"_VenueShowMapLink":false,"footnotes":"","_tec_slr_enabled":"","_tec_slr_layout":""},"class_list":["post-1506","page","type-page","status-publish","hentry"],"jetpack_sharing_enabled":true,"ticketed":false,"_links":{"self":[{"href":"https:\/\/www.tirolergluat.at\/index.php?rest_route=\/wp\/v2\/pages\/1506","targetHints":{"allow":["GET"]}}],"collection":[{"href":"https:\/\/www.tirolergluat.at\/index.php?rest_route=\/wp\/v2\/pages"}],"about":[{"href":"https:\/\/www.tirolergluat.at\/index.php?rest_route=\/wp\/v2\/types\/page"}],"author":[{"embeddable":true,"href":"https:\/\/www.tirolergluat.at\/index.php?rest_route=\/wp\/v2\/users\/2"}],"replies":[{"embeddable":true,"href":"https:\/\/www.tirolergluat.at\/index.php?rest_route=%2Fwp%2Fv2%2Fcomments&post=1506"}],"version-history":[{"count":0,"href":"https:\/\/www.tirolergluat.at\/index.php?rest_route=\/wp\/v2\/pages\/1506\/revisions"}],"wp:attachment":[{"href":"https:\/\/www.tirolergluat.at\/index.php?rest_route=%2Fwp%2Fv2%2Fmedia&parent=1506"}],"curies":[{"name":"wp","href":"https:\/\/api.w.org\/{rel}","templated":true}]}}