{"id":174,"date":"2020-05-31T10:02:13","date_gmt":"2020-05-31T08:02:13","guid":{"rendered":"https:\/\/192.168.1.14\/?page_id=174"},"modified":"2024-04-23T13:40:12","modified_gmt":"2024-04-23T11:40:12","slug":"impressum-datenschutzerklarung","status":"publish","type":"page","link":"https:\/\/www.tirolergluat.at\/?page_id=174","title":{"rendered":"Impressum\/Datenschutzerkl\u00e4rung"},"content":{"rendered":"\n<h1 class=\"wp-block-heading\">Datenschutzerkl\u00e4rung nach der DSGVO<\/h1>\n\n\n\n<p>Diese Erkl\u00e4rung beschreibt, wie die tiroler gluat Verein zur F\u00f6rderung der heimischen Fleisch- und Grillkultur (im Folgenden auch \u201ewir\u201c genannt) personenbezogene Daten verarbeitet. &nbsp;Adressaten dieser Erkl\u00e4rung sind:<\/p>\n\n\n\n<p>\u2022&nbsp;&nbsp; &nbsp;Bestehende Kundschaft\/Mitglieder &#8211; samt Organen, MitarbeiterInnen und GesellschafterInnen<br>\u2022&nbsp;&nbsp; &nbsp;Ehemalige Kundschaft\/Mitglieder &#8211; samt Organen, MitarbeiterInnen und GesellschafterInnen<br>\u2022&nbsp;&nbsp; &nbsp;Interessierte &#8211; samt Organen, MitarbeiterInnen und GesellschafterInnen<br>\u2022&nbsp;&nbsp; &nbsp;K\u00fcnftige Kundschaft\/Mitglieder &#8211; samt Organen, MitarbeiterInnen und GesellschafterInnen<br>\u2022&nbsp;&nbsp; &nbsp;Homepage-BesucherIn<\/p>\n\n\n\n<p>Der Schutz personenbezogener Daten ist uns ein gro\u00dfes Anliegen. Wir verarbeiten Daten ausschlie\u00dflich auf Grundlage der gesetzlichen Bestimmungen.&nbsp;<\/p>\n\n\n\n<h2 class=\"wp-block-heading\"><strong>I. NAME UND KONTAKTDATEN DES VERANTWORTLICHEN<\/strong><\/h2>\n\n\n\n<p>tiroler gluat \u2013 Verein zur F\u00f6rderung der heimischen Fleisch- und Grillkultur<\/p>\n\n\n\n<p>ZVR-Zahl:  1111050295<\/p>\n\n\n\n<p>Obmann: Mair Markus<\/p>\n\n\n\n<p>H\u00f6rtnaglstra\u00dfe 25<\/p>\n\n\n\n<p>6020 Innsbruck<\/p>\n\n\n\n<p>+43\u00a0670 5050648<\/p>\n\n\n\n<p><a href=\"javascript:linkTo_UnCryptMailto('nbjmup+pggjdfAtucb.cbscfdvf\\\/bu');\">gluat(at)tirolergluat.at<\/a><\/p>\n\n\n\n<h2 class=\"wp-block-heading\"><strong>II. VERARBEITUNGSZWECKE UND RECHTSGRUNDLAGEN<\/strong><\/h2>\n\n\n\n<p>Die Datenverarbeitungen von personenbezogenen Daten erfolgen zu folgenden Zwecken:<\/p>\n\n\n\n<p>&#8211;&nbsp;&nbsp;&nbsp; Mitgliederinformation<br>&#8211;&nbsp;&nbsp; &nbsp;Marketing\/\u00d6ffentlichkeitsarbeit<br>&#8211;&nbsp;&nbsp; &nbsp;Verrechnung<br>&#8211;&nbsp;&nbsp; &nbsp;Buchhaltung<\/p>\n\n\n\n<p>Die Datenverarbeitungen von personenbezogenen Daten st\u00fctzen sich auf folgende Rechtsgrundlagen:<\/p>\n\n\n\n<p>&#8211;&nbsp;&nbsp; &nbsp;Art. 6 Abs. 1 Buchstabe a DSGVO \u2013 Einwilligung<br>&#8211;&nbsp;&nbsp; &nbsp;Art. 6 Abs. 1 Buchstabe b DSGVO \u2013 Erf\u00fcllung eines Vertrages\/vorvertraglicher Pflichten<br>&#8211;&nbsp;&nbsp; &nbsp;Art. 6 Abs. 1 Buchstabe c DSGVO \u2013 Erf\u00fcllung einer rechtlichen Verpflichtung<\/p>\n\n\n\n<p>Sofern die Verarbeitung im Zusammenhang mit Marketingma\u00dfnahmen\/\u00d6ffentlichkeitsarbeit aufgrund berechtigter Interessen von uns erfolgt, ist festzuhalten, dass das Interesse, Marketingma\u00dfnahmen zu setzen\/\u00d6ffentlichkeitsarbeit durchzuf\u00fchren (z. B. Betreiben einer Homepage), als Folge einer Interessenabw\u00e4gung im Sinne eines florierenden Vereinslebens, jedenfalls h\u00f6her einzustufen ist als ein m\u00f6glicherweise bestehendes Interesse, den genannten Datenverarbeitungen nicht unterworfen zu werden. Es \u00fcberwiegen weder Grundrechte noch Grundfreiheiten, die den Schutz personenbezogener Daten erfordern dem berechtigten Interesse von uns und unserer Kundschaft sowie allenfalls von Dritten.&nbsp;<\/p>\n\n\n\n<h2 class=\"wp-block-heading\"><strong>III. DATENKATEGORIEN UND DATENHERKUNFT<\/strong><\/h2>\n\n\n\n<p>Folgende Kategorien von Daten werden von uns verarbeitet:<\/p>\n\n\n\n<ul class=\"wp-block-list\">\n<li>Pers\u00f6nliche Identifikationsdaten (Anrede, Vorname, Nachname, Anschrift, Geburtsdatum etc.)<\/li>\n\n\n\n<li>\u00d6ffentliche Identifikationsdaten (Firma etc.)<\/li>\n\n\n\n<li>Kontaktdaten (E-Mail Adresse, Telefonnummer, Fax etc.)<\/li>\n\n\n\n<li>Vertragsdaten (Rechnungsnummer, Vertragsdatum etc.)<\/li>\n\n\n\n<li>Rechnungsdaten\/Forderungsdaten (Faktura, Valuta, Forderungsgrund etc.)<\/li>\n\n\n\n<li>Exekutionsdaten\/Gerichtsdaten<\/li>\n\n\n\n<li>Informationen aus \u00f6ffentlichen Verzeichnissen und amtlichen Bekanntmachungen<\/li>\n\n\n\n<li>Ggf. Zahlungsinformationen<\/li>\n\n\n\n<li>Fallhistorie<\/li>\n<\/ul>\n\n\n\n<p><strong>Datenherkunft<\/strong>:<\/p>\n\n\n\n<p>Die personenbezogenen Daten erhalten wir im Zuge einer Auftragserteilung bzw. durch die Bekanntgabe der Daten durch die Person selbst bzw. aufgrund eines Besuchs auf der Homepage.<\/p>\n\n\n\n<h2 class=\"wp-block-heading\"><strong>IV. EMPF\u00c4NGER \/ KATEGORIEN VON EMPF\u00c4NGERN<\/strong><\/h2>\n\n\n\n<p>Im Zuge unserer Gesch\u00e4ftst\u00e4tigkeit, werden Daten, je nach Anlassfall, an folgende Empf\u00e4nger \u00fcbermittelt:<\/p>\n\n\n\n<ul class=\"wp-block-list\">\n<li>AuftragsverarbeiterIn\/KooperationspartnerIn (Post, Paketdienst)<\/li>\n\n\n\n<li>Gerichte<\/li>\n\n\n\n<li>Rechtsanwalt\/Rechtsanw\u00e4ltin<\/li>\n\n\n\n<li>Beh\u00f6rden<\/li>\n\n\n\n<li>Dritte (sofern bevollm\u00e4chtigt oder befugt)<\/li>\n\n\n\n<li>Zugriff haben auch unsere EDV Dienstleister unter Einhaltung der\u00a0 gesetzlichen Bestimmungen<\/li>\n\n\n\n<li>Werbe-Dienstleistungsunternehmen<\/li>\n<\/ul>\n\n\n\n<h2 class=\"wp-block-heading\"><strong>V. DATENSCHUTZBESTIMMUNGEN ZUR HOMEPAGE<\/strong><\/h2>\n\n\n\n<p><strong>Cookies\/Analysetools<\/strong><\/p>\n\n\n\n<p>Unsere Website verwendet sogenannten Cookies. Unsere Website verwendet Funktionen eines Webanalysedienstes. Der Betreiber unseres Webservers ist Hitzenberger Richard Zugriffe auf die Homepage bzw. die Datenbank werden von ihm Log-Files protokolliert. Es gelten hier die Datenschutzbestimmungen &nbsp;im Rahmen einer Vereinbarung \u00fcber eine Auftragsverarbeitung nach Art. 28 EU \u2013 DSGVO.<\/p>\n\n\n\n<p><strong>Kontaktformulare<\/strong><\/p>\n\n\n\n<p>Wir verwenden Webformulare auf unserer Homepage. Nach dem Abschicken dieser Daten werden diese in einer Datenbank am Server (Standort: \u00d6sterreich) gespeichert. Zus\u00e4tzlich zu den angezeigten und ausf\u00fcllbaren Feldern speichern wir noch den Zeitpunkt des Abschickens und einen eindeutigen Code in unserer Datenbank.&nbsp;<\/p>\n\n\n\n<h2 class=\"wp-block-heading\"><strong>VI. DAUER DER SPEICHERUNG<\/strong><\/h2>\n\n\n\n<p>Daten werden im Rahmen der gesetzlichen Aufbewahrungspflicht gem\u00e4\u00df \u00a7 132 BAO bzw. \u00a7 212 UGB 7 Jahre aufbewahrt, sofern dem nicht andere rechtliche Vorgaben entgegenstehen, die eine l\u00e4ngere Aufbewahrungsdauer erfordern (z .B. im B2B Verkehr 10 Jahre bei der Inverkehrsetzung von gef\u00e4hrlichen G\u00fctern und der Durchsetzung von Rechtsanspr\u00fcchen).<br>Grunds\u00e4tzlich werden Daten f\u00fcr die Dauer des Vertragsverh\u00e4ltnisses\/der Gesch\u00e4ftsbeziehung mit unserer Kundschaft und nach deren Beendigung zumindest solange aufbewahrt, als gesetzliche Aufbewahrungsfristen bestehen (siehe oben) oder Verj\u00e4hrungsfristen potentieller Rechtsanspr\u00fcche noch nicht abgelaufen sind.<br>Daten von Interessierten werden solange gespeichert, solange ein m\u00f6gliches Interesse an einer Zusammenarbeit besteht. Besteht ein solches nicht (z. B. durch eindeutige Willenserkl\u00e4rung), werden die Daten sofort gel\u00f6scht. L\u00e4ngstens behalten wir Daten der Interessierten 2 Jahren auf. Diese Ausf\u00fchrungen gelten sinngem\u00e4\u00df f\u00fcr die Kontaktaufnahme via Website oder E-Mail.<\/p>\n\n\n\n<h2 class=\"wp-block-heading\"><strong>VII. RECHTE DER BETROFFENEN PERSON<\/strong><\/h2>\n\n\n\n<p>Es stehen bei Vorliegen der gesetzlichen Voraussetzungen folgende Rechte nach Art. 15 bis 22 DSGVO zu:<br>&#8211;&nbsp;&nbsp; &nbsp;Recht auf Auskunft<br>&#8211;&nbsp;&nbsp; &nbsp;Recht auf Berichtigung<br>&#8211;&nbsp;&nbsp; &nbsp;Recht auf L\u00f6schung<br>&#8211;&nbsp;&nbsp; &nbsp;Recht auf Einschr\u00e4nkung<br>&#8211;&nbsp;&nbsp; &nbsp;Recht auf Daten\u00fcbertragbarkeit<br>&#8211;&nbsp;&nbsp; &nbsp;Recht auf Widerspruch (sofern die Verarbeitung auf Art. 6 Abs 1 Buchstabe e oder f DSGVO beruht)<br>Einwilligungen k\u00f6nnen jederzeit gegen\u00fcber dem\/der betreffenden VertragspartnerIn widerrufen werden.<\/p>\n\n\n\n<h2 class=\"wp-block-heading\"><strong>VIII. BESCHWERDERECHT BEI DER AUFSICHTSBEH\u00d6RDE<\/strong><\/h2>\n\n\n\n<p>Gem\u00e4\u00df Art. 77 DSGVO hat jede\/r Betroffene das Recht, sich bei der Aufsichtsbeh\u00f6rde zu beschweren, wenn er\/sie der Ansicht ist, dass die Verarbeitung seiner\/ihrer personenbezogenen Daten nicht rechtm\u00e4\u00dfig erfolgt. Die Anschrift der f\u00fcr unser Unternehmen zust\u00e4ndigen Aufsichtsbeh\u00f6rde lautet:<br>\u00d6sterreichische Datenschutzbeh\u00f6rde<br>Barichgasse 40-42<br>1030 Wien<\/p>\n","protected":false},"excerpt":{"rendered":"<p>Datenschutzerkl\u00e4rung nach der DSGVO Diese Erkl\u00e4rung beschreibt, wie die tiroler gluat Verein zur F\u00f6rderung der heimischen Fleisch- und Grillkultur (im Folgenden auch \u201ewir\u201c genannt) personenbezogene<\/p>\n<p><a href=\"https:\/\/www.tirolergluat.at\/?page_id=174\" class=\"more-link\">weiterlesen &#8230;<span class=\"screen-reader-text\">Impressum\/Datenschutzerkl\u00e4rung<\/span><\/a><\/p>\n","protected":false},"author":2,"featured_media":0,"parent":0,"menu_order":0,"comment_status":"closed","ping_status":"closed","template":"","meta":{"_price":"","_stock":"","_tribe_ticket_header":"","_tribe_default_ticket_provider":"","_tribe_ticket_capacity":"0","_ticket_start_date":"","_ticket_end_date":"","_tribe_ticket_show_description":"","_tribe_ticket_show_not_going":false,"_tribe_ticket_use_global_stock":"","_tribe_ticket_global_stock_level":"","_global_stock_mode":"","_global_stock_cap":"","_tribe_rsvp_for_event":"","_tribe_ticket_going_count":"","_tribe_ticket_not_going_count":"","_tribe_tickets_list":"[]","_tribe_ticket_has_attendee_info_fields":false,"_EventAllDay":false,"_EventTimezone":"","_EventStartDate":"","_EventEndDate":"","_EventStartDateUTC":"","_EventEndDateUTC":"","_EventShowMap":false,"_EventShowMapLink":false,"_EventURL":"","_EventCost":"","_EventCostDescription":"","_EventCurrencySymbol":"","_EventCurrencyCode":"","_EventCurrencyPosition":"","_EventDateTimeSeparator":"","_EventTimeRangeSeparator":"","_EventOrganizerID":[],"_EventVenueID":[],"_OrganizerEmail":"","_OrganizerPhone":"","_OrganizerWebsite":"","_VenueAddress":"","_VenueCity":"","_VenueCountry":"","_VenueProvince":"","_VenueState":"","_VenueZip":"","_VenuePhone":"","_VenueURL":"","_VenueStateProvince":"","_VenueLat":"","_VenueLng":"","_VenueShowMap":false,"_VenueShowMapLink":false,"footnotes":"","_tec_slr_enabled":"","_tec_slr_layout":""},"class_list":["post-174","page","type-page","status-publish","hentry"],"jetpack_sharing_enabled":true,"ticketed":false,"_links":{"self":[{"href":"https:\/\/www.tirolergluat.at\/index.php?rest_route=\/wp\/v2\/pages\/174","targetHints":{"allow":["GET"]}}],"collection":[{"href":"https:\/\/www.tirolergluat.at\/index.php?rest_route=\/wp\/v2\/pages"}],"about":[{"href":"https:\/\/www.tirolergluat.at\/index.php?rest_route=\/wp\/v2\/types\/page"}],"author":[{"embeddable":true,"href":"https:\/\/www.tirolergluat.at\/index.php?rest_route=\/wp\/v2\/users\/2"}],"replies":[{"embeddable":true,"href":"https:\/\/www.tirolergluat.at\/index.php?rest_route=%2Fwp%2Fv2%2Fcomments&post=174"}],"version-history":[{"count":0,"href":"https:\/\/www.tirolergluat.at\/index.php?rest_route=\/wp\/v2\/pages\/174\/revisions"}],"wp:attachment":[{"href":"https:\/\/www.tirolergluat.at\/index.php?rest_route=%2Fwp%2Fv2%2Fmedia&parent=174"}],"curies":[{"name":"wp","href":"https:\/\/api.w.org\/{rel}","templated":true}]}}